{"id":463,"date":"2024-11-17T15:56:13","date_gmt":"2024-11-17T15:56:13","guid":{"rendered":"https:\/\/www.virgendelacabezacolomera.org\/?page_id=463"},"modified":"2026-04-08T19:14:48","modified_gmt":"2026-04-08T19:14:48","slug":"galeria-de-imagenes-2","status":"publish","type":"page","link":"https:\/\/www.virgendelacabezacolomera.org\/?page_id=463","title":{"rendered":"Galer\u00eda de Im\u00e1genes"},"content":{"rendered":"\n<div class=\"wp-block-query alignwide is-layout-flow wp-block-query-is-layout-flow\">\n<div class=\"wp-block-group alignfull\" style=\"padding-top:0;padding-right:var(--wp--preset--spacing--40);padding-bottom:var(--wp--preset--spacing--40);padding-left:var(--wp--preset--spacing--40)\"><div class=\"wp-block-group__inner-container is-layout-flow wp-block-group-is-layout-flow\"><ul style=\"text-transform:none;\" class=\"alignwide wp-block-post-template is-layout-flow wp-block-post-template-is-layout-flow\"><li class=\"wp-block-post post-587 post type-post status-publish format-standard hentry category-noticias\">\n\n<div class=\"wp-block-group\" style=\"padding-bottom:var(--wp--preset--spacing--50)\"><div class=\"wp-block-group__inner-container is-layout-flow wp-block-group-is-layout-flow\">\n<div class=\"wp-block-group is-content-justification-space-between is-nowrap is-layout-flex wp-container-core-group-is-layout-8b4a092f wp-block-group-is-layout-flex\" style=\"border-bottom-color:var(--wp--preset--color--contrast);border-bottom-width:4px;padding-top:var(--wp--preset--spacing--30);padding-right:0;padding-bottom:var(--wp--preset--spacing--30);padding-left:0\"><div style=\"font-size:2rem;font-style:normal;font-weight:600;letter-spacing:1px; margin-top:0;margin-right:0;margin-bottom:0;margin-left:0;\" class=\"has-text-align-left has-link-color wp-elements-5813a8450eb0347cfdf34f1870882db6 wp-block-post-date has-text-color has-contrast-color\"><time datetime=\"2025-03-05T12:00:43+00:00\">03.5<\/time><\/div>\n\n<div style=\"font-size:2rem;font-style:normal;font-weight:600;letter-spacing:1px; margin-top:0;margin-right:0;margin-bottom:0;margin-left:0;\" class=\"has-text-align-left has-link-color wp-elements-672016f5c95dcb277e0d666c7795c645 wp-block-post-date has-text-color has-contrast-color\"><time datetime=\"2025-03-05T12:00:43+00:00\">2025<\/time><\/div><\/div>\n\n\n<h5 style=\"font-size:4.6rem;font-style:normal;font-weight:600;line-height:1.1; padding-top:var(--wp--preset--spacing--30);\" class=\"has-text-align-left has-link-color wp-elements-965b198f3b67426e6550fd6013227d80 wp-block-post-title has-text-color has-contrast-color\"><a href=\"https:\/\/www.virgendelacabezacolomera.org\/?p=587\" target=\"_self\" >Presentaci\u00f3n Cartel de Romer\u00eda 2025<\/a><\/h5><\/div><\/div>\n\n<\/li><li class=\"wp-block-post post-338 post type-post status-publish format-standard hentry category-noticias\">\n\n<div class=\"wp-block-group\" style=\"padding-bottom:var(--wp--preset--spacing--50)\"><div class=\"wp-block-group__inner-container is-layout-flow wp-block-group-is-layout-flow\">\n<div class=\"wp-block-group is-content-justification-space-between is-nowrap is-layout-flex wp-container-core-group-is-layout-8b4a092f wp-block-group-is-layout-flex\" style=\"border-bottom-color:var(--wp--preset--color--contrast);border-bottom-width:4px;padding-top:var(--wp--preset--spacing--30);padding-right:0;padding-bottom:var(--wp--preset--spacing--30);padding-left:0\"><div style=\"font-size:2rem;font-style:normal;font-weight:600;letter-spacing:1px; margin-top:0;margin-right:0;margin-bottom:0;margin-left:0;\" class=\"has-text-align-left has-link-color wp-elements-5813a8450eb0347cfdf34f1870882db6 wp-block-post-date has-text-color has-contrast-color\"><time datetime=\"2024-11-05T08:14:37+00:00\">11.5<\/time><\/div>\n\n<div style=\"font-size:2rem;font-style:normal;font-weight:600;letter-spacing:1px; margin-top:0;margin-right:0;margin-bottom:0;margin-left:0;\" class=\"has-text-align-left has-link-color wp-elements-672016f5c95dcb277e0d666c7795c645 wp-block-post-date has-text-color has-contrast-color\"><time datetime=\"2024-11-05T08:14:37+00:00\">2024<\/time><\/div><\/div>\n\n\n<h5 style=\"font-size:4.6rem;font-style:normal;font-weight:600;line-height:1.1; padding-top:var(--wp--preset--spacing--30);\" class=\"has-text-align-left has-link-color wp-elements-965b198f3b67426e6550fd6013227d80 wp-block-post-title has-text-color has-contrast-color\"><a href=\"https:\/\/www.virgendelacabezacolomera.org\/?p=338\" target=\"_self\" >Remodelaci\u00f3n Casa de Cofrad\u00eda<\/a><\/h5><\/div><\/div>\n\n<\/li><li class=\"wp-block-post post-327 post type-post status-publish format-standard has-post-thumbnail hentry category-noticias\">\n\n<div class=\"wp-block-group\" style=\"padding-bottom:var(--wp--preset--spacing--50)\"><div class=\"wp-block-group__inner-container is-layout-flow wp-block-group-is-layout-flow\">\n<div class=\"wp-block-group is-content-justification-space-between is-nowrap is-layout-flex wp-container-core-group-is-layout-8b4a092f wp-block-group-is-layout-flex\" style=\"border-bottom-color:var(--wp--preset--color--contrast);border-bottom-width:4px;padding-top:var(--wp--preset--spacing--30);padding-right:0;padding-bottom:var(--wp--preset--spacing--30);padding-left:0\"><div style=\"font-size:2rem;font-style:normal;font-weight:600;letter-spacing:1px; margin-top:0;margin-right:0;margin-bottom:0;margin-left:0;\" class=\"has-text-align-left has-link-color wp-elements-5813a8450eb0347cfdf34f1870882db6 wp-block-post-date has-text-color has-contrast-color\"><time datetime=\"2020-02-24T15:49:49+00:00\">02.24<\/time><\/div>\n\n<div style=\"font-size:2rem;font-style:normal;font-weight:600;letter-spacing:1px; margin-top:0;margin-right:0;margin-bottom:0;margin-left:0;\" class=\"has-text-align-left has-link-color wp-elements-672016f5c95dcb277e0d666c7795c645 wp-block-post-date has-text-color has-contrast-color\"><time datetime=\"2020-02-24T15:49:49+00:00\">2020<\/time><\/div><\/div>\n\n\n<h5 style=\"font-size:4.6rem;font-style:normal;font-weight:600;line-height:1.1; padding-top:var(--wp--preset--spacing--30);\" class=\"has-text-align-left has-link-color wp-elements-965b198f3b67426e6550fd6013227d80 wp-block-post-title has-text-color has-contrast-color\"><a href=\"https:\/\/www.virgendelacabezacolomera.org\/?p=327\" target=\"_self\" >Cartel Romer\u00eda Virgen de la Cabeza Colomera 2020<\/a><\/h5><\/div><\/div>\n\n<\/li><li class=\"wp-block-post post-285 post type-post status-publish format-standard hentry category-noticias\">\n\n<div class=\"wp-block-group\" style=\"padding-bottom:var(--wp--preset--spacing--50)\"><div class=\"wp-block-group__inner-container is-layout-flow wp-block-group-is-layout-flow\">\n<div class=\"wp-block-group is-content-justification-space-between is-nowrap is-layout-flex wp-container-core-group-is-layout-8b4a092f wp-block-group-is-layout-flex\" style=\"border-bottom-color:var(--wp--preset--color--contrast);border-bottom-width:4px;padding-top:var(--wp--preset--spacing--30);padding-right:0;padding-bottom:var(--wp--preset--spacing--30);padding-left:0\"><div style=\"font-size:2rem;font-style:normal;font-weight:600;letter-spacing:1px; margin-top:0;margin-right:0;margin-bottom:0;margin-left:0;\" class=\"has-text-align-left has-link-color wp-elements-5813a8450eb0347cfdf34f1870882db6 wp-block-post-date has-text-color has-contrast-color\"><time datetime=\"2019-06-28T17:26:35+00:00\">06.28<\/time><\/div>\n\n<div style=\"font-size:2rem;font-style:normal;font-weight:600;letter-spacing:1px; margin-top:0;margin-right:0;margin-bottom:0;margin-left:0;\" class=\"has-text-align-left has-link-color wp-elements-672016f5c95dcb277e0d666c7795c645 wp-block-post-date has-text-color has-contrast-color\"><time datetime=\"2019-06-28T17:26:35+00:00\">2019<\/time><\/div><\/div>\n\n\n<h5 style=\"font-size:4.6rem;font-style:normal;font-weight:600;line-height:1.1; padding-top:var(--wp--preset--spacing--30);\" class=\"has-text-align-left has-link-color wp-elements-965b198f3b67426e6550fd6013227d80 wp-block-post-title has-text-color has-contrast-color\"><a href=\"https:\/\/www.virgendelacabezacolomera.org\/?p=285\" target=\"_self\" >Programa Romer\u00eda Chica 2019<\/a><\/h5><\/div><\/div>\n\n<\/li><li class=\"wp-block-post post-277 post type-post status-publish format-standard hentry category-noticias\">\n\n<div class=\"wp-block-group\" style=\"padding-bottom:var(--wp--preset--spacing--50)\"><div class=\"wp-block-group__inner-container is-layout-flow wp-block-group-is-layout-flow\">\n<div class=\"wp-block-group is-content-justification-space-between is-nowrap is-layout-flex wp-container-core-group-is-layout-8b4a092f wp-block-group-is-layout-flex\" style=\"border-bottom-color:var(--wp--preset--color--contrast);border-bottom-width:4px;padding-top:var(--wp--preset--spacing--30);padding-right:0;padding-bottom:var(--wp--preset--spacing--30);padding-left:0\"><div style=\"font-size:2rem;font-style:normal;font-weight:600;letter-spacing:1px; margin-top:0;margin-right:0;margin-bottom:0;margin-left:0;\" class=\"has-text-align-left has-link-color wp-elements-5813a8450eb0347cfdf34f1870882db6 wp-block-post-date has-text-color has-contrast-color\"><time datetime=\"2019-06-28T17:23:43+00:00\">06.28<\/time><\/div>\n\n<div style=\"font-size:2rem;font-style:normal;font-weight:600;letter-spacing:1px; margin-top:0;margin-right:0;margin-bottom:0;margin-left:0;\" class=\"has-text-align-left has-link-color wp-elements-672016f5c95dcb277e0d666c7795c645 wp-block-post-date has-text-color has-contrast-color\"><time datetime=\"2019-06-28T17:23:43+00:00\">2019<\/time><\/div><\/div>\n\n\n<h5 style=\"font-size:4.6rem;font-style:normal;font-weight:600;line-height:1.1; padding-top:var(--wp--preset--spacing--30);\" class=\"has-text-align-left has-link-color wp-elements-965b198f3b67426e6550fd6013227d80 wp-block-post-title has-text-color has-contrast-color\"><a href=\"https:\/\/www.virgendelacabezacolomera.org\/?p=277\" target=\"_self\" >Cartel Romer\u00eda Chica 2019<\/a><\/h5><\/div><\/div>\n\n<\/li><li class=\"wp-block-post post-274 post type-post status-publish format-standard hentry category-noticias\">\n\n<div class=\"wp-block-group\" style=\"padding-bottom:var(--wp--preset--spacing--50)\"><div class=\"wp-block-group__inner-container is-layout-flow wp-block-group-is-layout-flow\">\n<div class=\"wp-block-group is-content-justification-space-between is-nowrap is-layout-flex wp-container-core-group-is-layout-8b4a092f wp-block-group-is-layout-flex\" style=\"border-bottom-color:var(--wp--preset--color--contrast);border-bottom-width:4px;padding-top:var(--wp--preset--spacing--30);padding-right:0;padding-bottom:var(--wp--preset--spacing--30);padding-left:0\"><div style=\"font-size:2rem;font-style:normal;font-weight:600;letter-spacing:1px; margin-top:0;margin-right:0;margin-bottom:0;margin-left:0;\" class=\"has-text-align-left has-link-color wp-elements-5813a8450eb0347cfdf34f1870882db6 wp-block-post-date has-text-color has-contrast-color\"><time datetime=\"2019-04-09T13:31:53+00:00\">04.9<\/time><\/div>\n\n<div style=\"font-size:2rem;font-style:normal;font-weight:600;letter-spacing:1px; margin-top:0;margin-right:0;margin-bottom:0;margin-left:0;\" class=\"has-text-align-left has-link-color wp-elements-672016f5c95dcb277e0d666c7795c645 wp-block-post-date has-text-color has-contrast-color\"><time datetime=\"2019-04-09T13:31:53+00:00\">2019<\/time><\/div><\/div>\n\n\n<h5 style=\"font-size:4.6rem;font-style:normal;font-weight:600;line-height:1.1; padding-top:var(--wp--preset--spacing--30);\" class=\"has-text-align-left has-link-color wp-elements-965b198f3b67426e6550fd6013227d80 wp-block-post-title has-text-color has-contrast-color\"><a href=\"https:\/\/www.virgendelacabezacolomera.org\/?p=274\" target=\"_self\" >Cartel Romer\u00eda Virgen de la Cabeza 2019<\/a><\/h5><\/div><\/div>\n\n<\/li><li class=\"wp-block-post post-270 post type-post status-publish format-standard hentry category-noticias\">\n\n<div class=\"wp-block-group\" style=\"padding-bottom:var(--wp--preset--spacing--50)\"><div class=\"wp-block-group__inner-container is-layout-flow wp-block-group-is-layout-flow\">\n<div class=\"wp-block-group is-content-justification-space-between is-nowrap is-layout-flex wp-container-core-group-is-layout-8b4a092f wp-block-group-is-layout-flex\" style=\"border-bottom-color:var(--wp--preset--color--contrast);border-bottom-width:4px;padding-top:var(--wp--preset--spacing--30);padding-right:0;padding-bottom:var(--wp--preset--spacing--30);padding-left:0\"><div style=\"font-size:2rem;font-style:normal;font-weight:600;letter-spacing:1px; margin-top:0;margin-right:0;margin-bottom:0;margin-left:0;\" class=\"has-text-align-left has-link-color wp-elements-5813a8450eb0347cfdf34f1870882db6 wp-block-post-date has-text-color has-contrast-color\"><time datetime=\"2019-04-09T13:26:31+00:00\">04.9<\/time><\/div>\n\n<div style=\"font-size:2rem;font-style:normal;font-weight:600;letter-spacing:1px; margin-top:0;margin-right:0;margin-bottom:0;margin-left:0;\" class=\"has-text-align-left has-link-color wp-elements-672016f5c95dcb277e0d666c7795c645 wp-block-post-date has-text-color has-contrast-color\"><time datetime=\"2019-04-09T13:26:31+00:00\">2019<\/time><\/div><\/div>\n\n\n<h5 style=\"font-size:4.6rem;font-style:normal;font-weight:600;line-height:1.1; padding-top:var(--wp--preset--spacing--30);\" class=\"has-text-align-left has-link-color wp-elements-965b198f3b67426e6550fd6013227d80 wp-block-post-title has-text-color has-contrast-color\"><a href=\"https:\/\/www.virgendelacabezacolomera.org\/?p=270\" target=\"_self\" >Fecha Romer\u00eda Chica 2019<\/a><\/h5><\/div><\/div>\n\n<\/li><li class=\"wp-block-post post-260 post type-post status-publish format-standard hentry category-noticias\">\n\n<div class=\"wp-block-group\" style=\"padding-bottom:var(--wp--preset--spacing--50)\"><div class=\"wp-block-group__inner-container is-layout-flow wp-block-group-is-layout-flow\">\n<div class=\"wp-block-group is-content-justification-space-between is-nowrap is-layout-flex wp-container-core-group-is-layout-8b4a092f wp-block-group-is-layout-flex\" style=\"border-bottom-color:var(--wp--preset--color--contrast);border-bottom-width:4px;padding-top:var(--wp--preset--spacing--30);padding-right:0;padding-bottom:var(--wp--preset--spacing--30);padding-left:0\"><div style=\"font-size:2rem;font-style:normal;font-weight:600;letter-spacing:1px; margin-top:0;margin-right:0;margin-bottom:0;margin-left:0;\" class=\"has-text-align-left has-link-color wp-elements-5813a8450eb0347cfdf34f1870882db6 wp-block-post-date has-text-color has-contrast-color\"><time datetime=\"2019-04-09T13:00:32+00:00\">04.9<\/time><\/div>\n\n<div style=\"font-size:2rem;font-style:normal;font-weight:600;letter-spacing:1px; margin-top:0;margin-right:0;margin-bottom:0;margin-left:0;\" class=\"has-text-align-left has-link-color wp-elements-672016f5c95dcb277e0d666c7795c645 wp-block-post-date has-text-color has-contrast-color\"><time datetime=\"2019-04-09T13:00:32+00:00\">2019<\/time><\/div><\/div>\n\n\n<h5 style=\"font-size:4.6rem;font-style:normal;font-weight:600;line-height:1.1; padding-top:var(--wp--preset--spacing--30);\" class=\"has-text-align-left has-link-color wp-elements-965b198f3b67426e6550fd6013227d80 wp-block-post-title has-text-color has-contrast-color\"><a href=\"https:\/\/www.virgendelacabezacolomera.org\/?p=260\" target=\"_self\" >Convocatoria Junta General Ordinaria 30-03-2019<\/a><\/h5><\/div><\/div>\n\n<\/li><li class=\"wp-block-post post-246 post type-post status-publish format-image has-post-thumbnail hentry category-noticias post_format-post-format-image\">\n\n<div class=\"wp-block-group\" style=\"padding-bottom:var(--wp--preset--spacing--50)\"><div class=\"wp-block-group__inner-container is-layout-flow wp-block-group-is-layout-flow\">\n<div class=\"wp-block-group is-content-justification-space-between is-nowrap is-layout-flex wp-container-core-group-is-layout-8b4a092f wp-block-group-is-layout-flex\" style=\"border-bottom-color:var(--wp--preset--color--contrast);border-bottom-width:4px;padding-top:var(--wp--preset--spacing--30);padding-right:0;padding-bottom:var(--wp--preset--spacing--30);padding-left:0\"><div style=\"font-size:2rem;font-style:normal;font-weight:600;letter-spacing:1px; margin-top:0;margin-right:0;margin-bottom:0;margin-left:0;\" class=\"has-text-align-left has-link-color wp-elements-5813a8450eb0347cfdf34f1870882db6 wp-block-post-date has-text-color has-contrast-color\"><time datetime=\"2019-02-17T17:44:11+00:00\">02.17<\/time><\/div>\n\n<div style=\"font-size:2rem;font-style:normal;font-weight:600;letter-spacing:1px; margin-top:0;margin-right:0;margin-bottom:0;margin-left:0;\" class=\"has-text-align-left has-link-color wp-elements-672016f5c95dcb277e0d666c7795c645 wp-block-post-date has-text-color has-contrast-color\"><time datetime=\"2019-02-17T17:44:11+00:00\">2019<\/time><\/div><\/div>\n\n\n<h5 style=\"font-size:4.6rem;font-style:normal;font-weight:600;line-height:1.1; padding-top:var(--wp--preset--spacing--30);\" class=\"has-text-align-left has-link-color wp-elements-965b198f3b67426e6550fd6013227d80 wp-block-post-title has-text-color has-contrast-color\"><a href=\"https:\/\/www.virgendelacabezacolomera.org\/?p=246\" target=\"_self\" >Presentaci\u00f3n Cartel Romer\u00eda 2019<\/a><\/h5><\/div><\/div>\n\n<\/li><\/ul><\/div><\/div>\n\n\n\n<div class=\"wp-block-group\" style=\"margin-top:0;margin-bottom:0;padding-top:var(--wp--preset--spacing--40);padding-right:var(--wp--preset--spacing--40);padding-bottom:var(--wp--preset--spacing--40);padding-left:var(--wp--preset--spacing--40)\"><div class=\"wp-block-group__inner-container is-layout-flow wp-block-group-is-layout-flow\"><\/div><\/div>\n<\/div>\n","protected":false},"excerpt":{"rendered":"","protected":false},"author":1,"featured_media":0,"parent":0,"menu_order":0,"comment_status":"closed","ping_status":"closed","template":"","meta":{"neve_meta_sidebar":"","neve_meta_container":"","neve_meta_enable_content_width":"","neve_meta_content_width":0,"neve_meta_title_alignment":"","neve_meta_author_avatar":"","neve_post_elements_order":"","neve_meta_disable_header":"","neve_meta_disable_footer":"","neve_meta_disable_title":"","jetpack_post_was_ever_published":false,"footnotes":""},"class_list":["post-463","page","type-page","status-publish","hentry"],"jetpack_sharing_enabled":true,"jetpack_shortlink":"https:\/\/wp.me\/PaxVsa-7t","jetpack-related-posts":[{"id":32,"url":"https:\/\/www.virgendelacabezacolomera.org\/?page_id=32","url_meta":{"origin":463,"position":0},"title":"Galer\u00eda de Im\u00e1genes Romer\u00eda Chica","author":"admin","date":"14\/12\/2018","format":false,"excerpt":"","rel":"","context":"Entrada similar","block_context":{"text":"Entrada similar","link":""},"img":{"alt_text":"","src":"https:\/\/i0.wp.com\/www.virgendelacabezacolomera.org\/wp-content\/uploads\/2019\/01\/IMG-20180701-WA0053-2.jpg?resize=350%2C200","width":350,"height":200,"srcset":"https:\/\/i0.wp.com\/www.virgendelacabezacolomera.org\/wp-content\/uploads\/2019\/01\/IMG-20180701-WA0053-2.jpg?resize=350%2C200 1x, https:\/\/i0.wp.com\/www.virgendelacabezacolomera.org\/wp-content\/uploads\/2019\/01\/IMG-20180701-WA0053-2.jpg?resize=525%2C300 1.5x, https:\/\/i0.wp.com\/www.virgendelacabezacolomera.org\/wp-content\/uploads\/2019\/01\/IMG-20180701-WA0053-2.jpg?resize=700%2C400 2x"},"classes":[]},{"id":840,"url":"https:\/\/www.virgendelacabezacolomera.org\/?page_id=840","url_meta":{"origin":463,"position":1},"title":"Galer\u00eda de Im\u00e1genes de Romer\u00eda","author":"admin","date":"08\/04\/2026","format":false,"excerpt":"","rel":"","context":"Entrada similar","block_context":{"text":"Entrada similar","link":""},"img":{"alt_text":"","src":"","width":0,"height":0},"classes":[]},{"id":312,"url":"https:\/\/www.virgendelacabezacolomera.org\/?page_id=312","url_meta":{"origin":463,"position":2},"title":"ROMERIA","author":"admin","date":"24\/02\/2020","format":false,"excerpt":"La Romer\u00eda de la Virgen de la Cabeza, celebrada el \u00faltimo domingo de abril en And\u00fajar (Ja\u00e9n), es una de las peregrinaciones m\u00e1s antiguas y multitudinarias de Espa\u00f1a, con casi 800 a\u00f1os de historia en Sierra Morena. Los fieles acudimos al Santuario del Cerro del Cabezo para venerar a \"la\u2026","rel":"","context":"Entrada similar","block_context":{"text":"Entrada similar","link":""},"img":{"alt_text":"","src":"https:\/\/i0.wp.com\/www.virgendelacabezacolomera.org\/wp-content\/uploads\/2020\/02\/Cartel-Virgen-de-la-Cabeza-Colomera-Romer%C3%ADa-2020-3.jpg?fit=857%2C1200&ssl=1&resize=350%2C200","width":350,"height":200,"srcset":"https:\/\/i0.wp.com\/www.virgendelacabezacolomera.org\/wp-content\/uploads\/2020\/02\/Cartel-Virgen-de-la-Cabeza-Colomera-Romer%C3%ADa-2020-3.jpg?fit=857%2C1200&ssl=1&resize=350%2C200 1x, https:\/\/i0.wp.com\/www.virgendelacabezacolomera.org\/wp-content\/uploads\/2020\/02\/Cartel-Virgen-de-la-Cabeza-Colomera-Romer%C3%ADa-2020-3.jpg?fit=857%2C1200&ssl=1&resize=525%2C300 1.5x, https:\/\/i0.wp.com\/www.virgendelacabezacolomera.org\/wp-content\/uploads\/2020\/02\/Cartel-Virgen-de-la-Cabeza-Colomera-Romer%C3%ADa-2020-3.jpg?fit=857%2C1200&ssl=1&resize=700%2C400 2x"},"classes":[]},{"id":155,"url":"https:\/\/www.virgendelacabezacolomera.org\/?page_id=155","url_meta":{"origin":463,"position":3},"title":"Im\u00e1genes de la Parroquia","author":"admin","date":"29\/12\/2018","format":false,"excerpt":"","rel":"","context":"Entrada similar","block_context":{"text":"Entrada similar","link":""},"img":{"alt_text":"","src":"","width":0,"height":0},"classes":[]},{"id":76,"url":"https:\/\/www.virgendelacabezacolomera.org\/?page_id=76","url_meta":{"origin":463,"position":4},"title":"COFRADIA","author":"admin","date":"17\/12\/2018","format":false,"excerpt":"Junta de Gobierno LEER M\u00c1S Historia LEER M\u00c1S Imagen LEER M\u00c1S Estatutos LEER M\u00c1S Enseres LEER M\u00c1S Galer\u00eda LEER M\u00c1S","rel":"","context":"Entrada similar","block_context":{"text":"Entrada similar","link":""},"img":{"alt_text":"","src":"https:\/\/i0.wp.com\/www.virgendelacabezacolomera.org\/wp-content\/uploads\/2024\/11\/tito-kXX-U220642527384CSH-1200x840%40Ideal.jpg?resize=350%2C200&ssl=1","width":350,"height":200,"srcset":"https:\/\/i0.wp.com\/www.virgendelacabezacolomera.org\/wp-content\/uploads\/2024\/11\/tito-kXX-U220642527384CSH-1200x840%40Ideal.jpg?resize=350%2C200&ssl=1 1x, https:\/\/i0.wp.com\/www.virgendelacabezacolomera.org\/wp-content\/uploads\/2024\/11\/tito-kXX-U220642527384CSH-1200x840%40Ideal.jpg?resize=525%2C300&ssl=1 1.5x, https:\/\/i0.wp.com\/www.virgendelacabezacolomera.org\/wp-content\/uploads\/2024\/11\/tito-kXX-U220642527384CSH-1200x840%40Ideal.jpg?resize=700%2C400&ssl=1 2x, https:\/\/i0.wp.com\/www.virgendelacabezacolomera.org\/wp-content\/uploads\/2024\/11\/tito-kXX-U220642527384CSH-1200x840%40Ideal.jpg?resize=1050%2C600&ssl=1 3x"},"classes":[]},{"id":62,"url":"https:\/\/www.virgendelacabezacolomera.org\/?page_id=62","url_meta":{"origin":463,"position":5},"title":"Privacidad de datos","author":"admin","date":"14\/12\/2018","format":false,"excerpt":"POL\u00cdTICA DE PROTECCI\u00d3N DE DATOS DE CAR\u00c1CTER PERSONAL: 1.1 A los efectos de lo dispuesto en la Ley Org\u00e1nica 15\/1999, de 13 de Diciembre, de Protecci\u00f3n de Datos de Car\u00e1cter Personal,\u00a0REAL COFRADIA\u00a0 VIRGEN DE\u00a0LA CABEZA DE\u00a0COLOMERA\u00a0informa al Usuario de la existencia de un fichero de datos de car\u00e1cter personal creado\u2026","rel":"","context":"Entrada similar","block_context":{"text":"Entrada similar","link":""},"img":{"alt_text":"","src":"","width":0,"height":0},"classes":[]}],"_links":{"self":[{"href":"https:\/\/www.virgendelacabezacolomera.org\/index.php?rest_route=\/wp\/v2\/pages\/463","targetHints":{"allow":["GET"]}}],"collection":[{"href":"https:\/\/www.virgendelacabezacolomera.org\/index.php?rest_route=\/wp\/v2\/pages"}],"about":[{"href":"https:\/\/www.virgendelacabezacolomera.org\/index.php?rest_route=\/wp\/v2\/types\/page"}],"author":[{"embeddable":true,"href":"https:\/\/www.virgendelacabezacolomera.org\/index.php?rest_route=\/wp\/v2\/users\/1"}],"replies":[{"embeddable":true,"href":"https:\/\/www.virgendelacabezacolomera.org\/index.php?rest_route=%2Fwp%2Fv2%2Fcomments&post=463"}],"version-history":[{"count":7,"href":"https:\/\/www.virgendelacabezacolomera.org\/index.php?rest_route=\/wp\/v2\/pages\/463\/revisions"}],"predecessor-version":[{"id":879,"href":"https:\/\/www.virgendelacabezacolomera.org\/index.php?rest_route=\/wp\/v2\/pages\/463\/revisions\/879"}],"wp:attachment":[{"href":"https:\/\/www.virgendelacabezacolomera.org\/index.php?rest_route=%2Fwp%2Fv2%2Fmedia&parent=463"}],"curies":[{"name":"wp","href":"https:\/\/api.w.org\/{rel}","templated":true}]}}