{"id":840,"date":"2026-04-08T16:49:29","date_gmt":"2026-04-08T16:49:29","guid":{"rendered":"https:\/\/www.virgendelacabezacolomera.org\/?page_id=840"},"modified":"2026-04-08T16:54:03","modified_gmt":"2026-04-08T16:54:03","slug":"imagenes-romeria","status":"publish","type":"page","link":"https:\/\/www.virgendelacabezacolomera.org\/?page_id=840","title":{"rendered":"Galer\u00eda de Im\u00e1genes de Romer\u00eda"},"content":{"rendered":"","protected":false},"excerpt":{"rendered":"","protected":false},"author":1,"featured_media":0,"parent":0,"menu_order":0,"comment_status":"closed","ping_status":"closed","template":"","meta":{"neve_meta_sidebar":"","neve_meta_container":"","neve_meta_enable_content_width":"","neve_meta_content_width":0,"neve_meta_title_alignment":"","neve_meta_author_avatar":"","neve_post_elements_order":"","neve_meta_disable_header":"","neve_meta_disable_footer":"","neve_meta_disable_title":"","jetpack_post_was_ever_published":false,"footnotes":""},"class_list":["post-840","page","type-page","status-publish","hentry"],"jetpack_sharing_enabled":true,"jetpack_shortlink":"https:\/\/wp.me\/PaxVsa-dy","jetpack-related-posts":[],"_links":{"self":[{"href":"https:\/\/www.virgendelacabezacolomera.org\/index.php?rest_route=\/wp\/v2\/pages\/840","targetHints":{"allow":["GET"]}}],"collection":[{"href":"https:\/\/www.virgendelacabezacolomera.org\/index.php?rest_route=\/wp\/v2\/pages"}],"about":[{"href":"https:\/\/www.virgendelacabezacolomera.org\/index.php?rest_route=\/wp\/v2\/types\/page"}],"author":[{"embeddable":true,"href":"https:\/\/www.virgendelacabezacolomera.org\/index.php?rest_route=\/wp\/v2\/users\/1"}],"replies":[{"embeddable":true,"href":"https:\/\/www.virgendelacabezacolomera.org\/index.php?rest_route=%2Fwp%2Fv2%2Fcomments&post=840"}],"version-history":[{"count":5,"href":"https:\/\/www.virgendelacabezacolomera.org\/index.php?rest_route=\/wp\/v2\/pages\/840\/revisions"}],"predecessor-version":[{"id":870,"href":"https:\/\/www.virgendelacabezacolomera.org\/index.php?rest_route=\/wp\/v2\/pages\/840\/revisions\/870"}],"wp:attachment":[{"href":"https:\/\/www.virgendelacabezacolomera.org\/index.php?rest_route=%2Fwp%2Fv2%2Fmedia&parent=840"}],"curies":[{"name":"wp","href":"https:\/\/api.w.org\/{rel}","templated":true}]}}